{"id":1638,"date":"2024-06-15T22:52:22","date_gmt":"2024-06-15T20:52:22","guid":{"rendered":"https:\/\/apartament-zlapoddech.pl\/?page_id=1638"},"modified":"2025-10-12T15:18:05","modified_gmt":"2025-10-12T13:18:05","slug":"cennik","status":"publish","type":"page","link":"https:\/\/apartament-zlapoddech.pl\/index.php\/cennik\/","title":{"rendered":"Cennik"},"content":{"rendered":"\t\t<div data-elementor-type=\"wp-page\" data-elementor-id=\"1638\" class=\"elementor elementor-1638\">\n\t\t\t\t\t\t<section class=\"elementor-section elementor-top-section elementor-element elementor-element-0782855 elementor-section-boxed elementor-section-height-default elementor-section-height-default\" data-id=\"0782855\" data-element_type=\"section\">\n\t\t\t\t\t\t<div class=\"elementor-container elementor-column-gap-default\">\n\t\t\t\t\t<div class=\"elementor-column elementor-col-100 elementor-top-column elementor-element elementor-element-04e7af1\" data-id=\"04e7af1\" data-element_type=\"column\">\n\t\t\t<div class=\"elementor-widget-wrap elementor-element-populated\">\n\t\t\t\t\t\t<div class=\"elementor-element elementor-element-c9498da elementor-widget elementor-widget-image\" data-id=\"c9498da\" data-element_type=\"widget\" data-widget_type=\"image.default\">\n\t\t\t\t<div class=\"elementor-widget-container\">\n\t\t\t\t\t\t\t\t\t\t\t\t\t\t\t<img fetchpriority=\"high\" decoding=\"async\" width=\"1536\" height=\"569\" src=\"https:\/\/apartament-zlapoddech.pl\/wp-content\/uploads\/2024\/06\/rabat2-01-01-01-1536x569.jpg\" class=\"attachment-1536x1536 size-1536x1536 wp-image-1791\" alt=\"\" srcset=\"https:\/\/apartament-zlapoddech.pl\/wp-content\/uploads\/2024\/06\/rabat2-01-01-01-1536x569.jpg 1536w, https:\/\/apartament-zlapoddech.pl\/wp-content\/uploads\/2024\/06\/rabat2-01-01-01-300x111.jpg 300w, https:\/\/apartament-zlapoddech.pl\/wp-content\/uploads\/2024\/06\/rabat2-01-01-01-1024x379.jpg 1024w, https:\/\/apartament-zlapoddech.pl\/wp-content\/uploads\/2024\/06\/rabat2-01-01-01-768x285.jpg 768w, https:\/\/apartament-zlapoddech.pl\/wp-content\/uploads\/2024\/06\/rabat2-01-01-01-2048x759.jpg 2048w\" sizes=\"(max-width: 1536px) 100vw, 1536px\" \/>\t\t\t\t\t\t\t\t\t\t\t\t\t\t\t<\/div>\n\t\t\t\t<\/div>\n\t\t\t\t\t<\/div>\n\t\t<\/div>\n\t\t\t\t\t<\/div>\n\t\t<\/section>\n\t\t\t\t<section class=\"elementor-section elementor-top-section elementor-element elementor-element-ae66f79 elementor-section-boxed elementor-section-height-default elementor-section-height-default\" data-id=\"ae66f79\" data-element_type=\"section\">\n\t\t\t\t\t\t<div class=\"elementor-container elementor-column-gap-default\">\n\t\t\t\t\t<div class=\"elementor-column elementor-col-100 elementor-top-column elementor-element elementor-element-adedc6a\" data-id=\"adedc6a\" data-element_type=\"column\">\n\t\t\t<div class=\"elementor-widget-wrap elementor-element-populated\">\n\t\t\t\t\t\t<div class=\"elementor-element elementor-element-78d7559 elementor-widget elementor-widget-text-editor\" data-id=\"78d7559\" data-element_type=\"widget\" data-widget_type=\"text-editor.default\">\n\t\t\t\t<div class=\"elementor-widget-container\">\n\t\t\t\t\t\t\t\t\t<p>Ceny <span style=\"text-decoration: underline;\"><strong>poza sezonem*<\/strong><\/span> zaczynaj\u0105 si\u0119 od 220z\u0142 na dob\u0119 przy pobycie dw\u00f3ch os\u00f3b. Przy wi\u0119kszej ilo\u015bci os\u00f3b ceny s\u0105 ustalane indywidualnie.<\/p>\n<p>Ceny <span style=\"text-decoration: underline;\"><strong>w sezonie<\/strong><\/span> zaczynaj\u0105 si\u0119 od 250z\u0142 na dob\u0119 przy pobycie dw\u00f3ch os\u00f3b. Przy wi\u0119kszej ilo\u015bci os\u00f3b ceny s\u0105 ustalane indywidualnie.<\/p>\n<p><span style=\"text-decoration: underline;\"><strong>Promocja na 10% rabatu<\/strong><\/span> w sezonie dotyczy 7 dni (d\u00f3b hotelowych \/ nocy), poza sezonem obowi\u0105zuje ju\u017c od rezerwacji na 4 dni (doby hotelowe \/ noce).<\/p>\n<p>W Apartamencie mo\u017ce by\u0107 maksymalnie pi\u0119\u0107 os\u00f3b. Przypominamy, \u017ce <span style=\"text-decoration: underline;\"><strong>akceptujemy zwierz\u0119ta po wcze\u015bniejszym poinformowaniu nas o nich<\/strong><\/span>, co mo\u017ce si\u0119 wi\u0105za\u0107 z dodatkow\u0105 op\u0142at\u0105 mi\u0119dzy 0z\u0142 a 50z\u0142 za dob\u0119. Bardzo prosimy o kontakt telefoniczny lub mailowy w celu poznania pe\u0142nej oferty cenowej.<\/p>\t\t\t\t\t\t\t\t<\/div>\n\t\t\t\t<\/div>\n\t\t\t\t<section class=\"elementor-section elementor-inner-section elementor-element elementor-element-7fc5a98 elementor-section-boxed elementor-section-height-default elementor-section-height-default\" data-id=\"7fc5a98\" data-element_type=\"section\">\n\t\t\t\t\t\t<div class=\"elementor-container elementor-column-gap-default\">\n\t\t\t\t\t<div class=\"elementor-column elementor-col-50 elementor-inner-column elementor-element elementor-element-1d03ee7\" data-id=\"1d03ee7\" data-element_type=\"column\">\n\t\t\t<div class=\"elementor-widget-wrap elementor-element-populated\">\n\t\t\t\t\t\t<div class=\"elementor-element elementor-element-d916852 elementor-align-center elementor-widget elementor-widget-button\" data-id=\"d916852\" data-element_type=\"widget\" data-widget_type=\"button.default\">\n\t\t\t\t<div class=\"elementor-widget-container\">\n\t\t\t\t\t\t\t\t\t<div class=\"elementor-button-wrapper\">\n\t\t\t\t\t<a class=\"elementor-button elementor-button-link elementor-size-sm\" href=\"mailto:apartament.zlapoddech@gmail.com\">\n\t\t\t\t\t\t<span class=\"elementor-button-content-wrapper\">\n\t\t\t\t\t\t\t\t\t<span class=\"elementor-button-text\">Napisz wiadomo\u015b\u0107 email<\/span>\n\t\t\t\t\t<\/span>\n\t\t\t\t\t<\/a>\n\t\t\t\t<\/div>\n\t\t\t\t\t\t\t\t<\/div>\n\t\t\t\t<\/div>\n\t\t\t\t\t<\/div>\n\t\t<\/div>\n\t\t\t\t<div class=\"elementor-column elementor-col-50 elementor-inner-column elementor-element elementor-element-b6da550\" data-id=\"b6da550\" data-element_type=\"column\">\n\t\t\t<div class=\"elementor-widget-wrap elementor-element-populated\">\n\t\t\t\t\t\t<div class=\"elementor-element elementor-element-bec8a57 elementor-align-center elementor-widget elementor-widget-button\" data-id=\"bec8a57\" data-element_type=\"widget\" data-widget_type=\"button.default\">\n\t\t\t\t<div class=\"elementor-widget-container\">\n\t\t\t\t\t\t\t\t\t<div class=\"elementor-button-wrapper\">\n\t\t\t\t\t<a class=\"elementor-button elementor-button-link elementor-size-sm\" href=\"tel:+48604426565\">\n\t\t\t\t\t\t<span class=\"elementor-button-content-wrapper\">\n\t\t\t\t\t\t\t\t\t<span class=\"elementor-button-text\">Zadzwo\u0144 lub napisz SMS<\/span>\n\t\t\t\t\t<\/span>\n\t\t\t\t\t<\/a>\n\t\t\t\t<\/div>\n\t\t\t\t\t\t\t\t<\/div>\n\t\t\t\t<\/div>\n\t\t\t\t\t<\/div>\n\t\t<\/div>\n\t\t\t\t\t<\/div>\n\t\t<\/section>\n\t\t\t\t\t<\/div>\n\t\t<\/div>\n\t\t\t\t\t<\/div>\n\t\t<\/section>\n\t\t\t\t<section class=\"elementor-section elementor-top-section elementor-element elementor-element-2ab7a19 elementor-section-boxed elementor-section-height-default elementor-section-height-default\" data-id=\"2ab7a19\" data-element_type=\"section\">\n\t\t\t\t\t\t<div class=\"elementor-container elementor-column-gap-default\">\n\t\t\t\t\t<div class=\"elementor-column elementor-col-100 elementor-top-column elementor-element elementor-element-d72bfe3\" data-id=\"d72bfe3\" data-element_type=\"column\">\n\t\t\t<div class=\"elementor-widget-wrap elementor-element-populated\">\n\t\t\t\t\t\t<div class=\"elementor-element elementor-element-520da6e elementor-widget elementor-widget-text-editor\" data-id=\"520da6e\" data-element_type=\"widget\" data-widget_type=\"text-editor.default\">\n\t\t\t\t<div class=\"elementor-widget-container\">\n\t\t\t\t\t\t\t\t\t<p>*poza sezonem:&nbsp;<span style=\"color: var(--ast-global-color-3); font-size: 1rem; background-color: var(--ast-global-color-5);\">01.03 do 24.04 (poza \u015bwi\u0119tami Wielkanocnymi),&nbsp;<\/span><span style=\"font-style: inherit; color: var(--ast-global-color-3); background-color: var(--ast-global-color-5);\">od 01.10 do 10.12<\/span><\/p>\t\t\t\t\t\t\t\t<\/div>\n\t\t\t\t<\/div>\n\t\t\t\t\t<\/div>\n\t\t<\/div>\n\t\t\t\t\t<\/div>\n\t\t<\/section>\n\t\t\t\t<section class=\"elementor-section elementor-top-section elementor-element elementor-element-3db3e19 elementor-section-boxed elementor-section-height-default elementor-section-height-default\" data-id=\"3db3e19\" data-element_type=\"section\">\n\t\t\t\t\t\t<div class=\"elementor-container elementor-column-gap-default\">\n\t\t\t\t\t<div class=\"elementor-column elementor-col-100 elementor-top-column elementor-element elementor-element-290f668\" data-id=\"290f668\" data-element_type=\"column\">\n\t\t\t<div class=\"elementor-widget-wrap\">\n\t\t\t\t\t\t\t<\/div>\n\t\t<\/div>\n\t\t\t\t\t<\/div>\n\t\t<\/section>\n\t\t\t\t<\/div>\n\t\t","protected":false},"excerpt":{"rendered":"<p>Ceny poza sezonem* zaczynaj\u0105 si\u0119 od 220z\u0142 na dob\u0119 przy pobycie dw\u00f3ch os\u00f3b. Przy wi\u0119kszej ilo\u015bci os\u00f3b ceny s\u0105 ustalane [&hellip;]<\/p>\n","protected":false},"author":2,"featured_media":0,"parent":0,"menu_order":0,"comment_status":"closed","ping_status":"closed","template":"","meta":{"_monsterinsights_skip_tracking":false,"_monsterinsights_sitenote_active":false,"_monsterinsights_sitenote_note":"","_monsterinsights_sitenote_category":0,"site-sidebar-layout":"no-sidebar","site-content-layout":"page-builder","ast-site-content-layout":"full-width-container","site-content-style":"unboxed","site-sidebar-style":"unboxed","ast-global-header-display":"","ast-banner-title-visibility":"","ast-main-header-display":"","ast-hfb-above-header-display":"","ast-hfb-below-header-display":"","ast-hfb-mobile-header-display":"","site-post-title":"disabled","ast-breadcrumbs-content":"","ast-featured-img":"disabled","footer-sml-layout":"","theme-transparent-header-meta":"","adv-header-id-meta":"","stick-header-meta":"","header-above-stick-meta":"","header-main-stick-meta":"","header-below-stick-meta":"","astra-migrate-meta-layouts":"set","ast-page-background-enabled":"default","ast-page-background-meta":{"desktop":{"background-color":"var(--ast-global-color-4)","background-image":"","background-repeat":"repeat","background-position":"center center","background-size":"auto","background-attachment":"scroll","background-type":"","background-media":"","overlay-type":"","overlay-color":"","overlay-opacity":"","overlay-gradient":""},"tablet":{"background-color":"","background-image":"","background-repeat":"repeat","background-position":"center center","background-size":"auto","background-attachment":"scroll","background-type":"","background-media":"","overlay-type":"","overlay-color":"","overlay-opacity":"","overlay-gradient":""},"mobile":{"background-color":"","background-image":"","background-repeat":"repeat","background-position":"center center","background-size":"auto","background-attachment":"scroll","background-type":"","background-media":"","overlay-type":"","overlay-color":"","overlay-opacity":"","overlay-gradient":""}},"ast-content-background-meta":{"desktop":{"background-color":"var(--ast-global-color-5)","background-image":"","background-repeat":"repeat","background-position":"center center","background-size":"auto","background-attachment":"scroll","background-type":"","background-media":"","overlay-type":"","overlay-color":"","overlay-opacity":"","overlay-gradient":""},"tablet":{"background-color":"var(--ast-global-color-5)","background-image":"","background-repeat":"repeat","background-position":"center center","background-size":"auto","background-attachment":"scroll","background-type":"","background-media":"","overlay-type":"","overlay-color":"","overlay-opacity":"","overlay-gradient":""},"mobile":{"background-color":"var(--ast-global-color-5)","background-image":"","background-repeat":"repeat","background-position":"center center","background-size":"auto","background-attachment":"scroll","background-type":"","background-media":"","overlay-type":"","overlay-color":"","overlay-opacity":"","overlay-gradient":""}},"footnotes":""},"class_list":["post-1638","page","type-page","status-publish","hentry"],"yoast_head":"<!-- This site is optimized with the Yoast SEO plugin v26.1.1 - https:\/\/yoast.com\/wordpress\/plugins\/seo\/ -->\n<title>Cennik - Apartament Z\u0142ap Oddech<\/title>\n<meta name=\"robots\" content=\"index, follow, max-snippet:-1, max-image-preview:large, max-video-preview:-1\" \/>\n<link rel=\"canonical\" href=\"https:\/\/apartament-zlapoddech.pl\/index.php\/cennik\/\" \/>\n<meta property=\"og:locale\" content=\"pl_PL\" \/>\n<meta property=\"og:type\" content=\"article\" \/>\n<meta property=\"og:title\" content=\"Cennik - Apartament Z\u0142ap Oddech\" \/>\n<meta property=\"og:description\" content=\"Ceny poza sezonem* zaczynaj\u0105 si\u0119 od 220z\u0142 na dob\u0119 przy pobycie dw\u00f3ch os\u00f3b. Przy wi\u0119kszej ilo\u015bci os\u00f3b ceny s\u0105 ustalane [&hellip;]\" \/>\n<meta property=\"og:url\" content=\"https:\/\/apartament-zlapoddech.pl\/index.php\/cennik\/\" \/>\n<meta property=\"og:site_name\" content=\"Apartament Z\u0142ap Oddech\" \/>\n<meta property=\"article:publisher\" content=\"https:\/\/www.facebook.com\/people\/Apartament-Zap-Oddech\/61553460625802\/\" \/>\n<meta property=\"article:modified_time\" content=\"2025-10-12T13:18:05+00:00\" \/>\n<meta property=\"og:image\" content=\"https:\/\/apartament-zlapoddech.pl\/wp-content\/uploads\/2024\/06\/rabat2-01-01-01-scaled.jpg\" \/>\n\t<meta property=\"og:image:width\" content=\"2560\" \/>\n\t<meta property=\"og:image:height\" content=\"948\" \/>\n\t<meta property=\"og:image:type\" content=\"image\/jpeg\" \/>\n<meta name=\"twitter:card\" content=\"summary_large_image\" \/>\n<meta name=\"twitter:label1\" content=\"Szacowany czas czytania\" \/>\n\t<meta name=\"twitter:data1\" content=\"1 minuta\" \/>\n<script type=\"application\/ld+json\" class=\"yoast-schema-graph\">{\"@context\":\"https:\/\/schema.org\",\"@graph\":[{\"@type\":\"WebPage\",\"@id\":\"https:\/\/apartament-zlapoddech.pl\/index.php\/cennik\/\",\"url\":\"https:\/\/apartament-zlapoddech.pl\/index.php\/cennik\/\",\"name\":\"Cennik - Apartament Z\u0142ap Oddech\",\"isPartOf\":{\"@id\":\"https:\/\/apartament-zlapoddech.pl\/#website\"},\"primaryImageOfPage\":{\"@id\":\"https:\/\/apartament-zlapoddech.pl\/index.php\/cennik\/#primaryimage\"},\"image\":{\"@id\":\"https:\/\/apartament-zlapoddech.pl\/index.php\/cennik\/#primaryimage\"},\"thumbnailUrl\":\"https:\/\/apartament-zlapoddech.pl\/wp-content\/uploads\/2024\/06\/rabat2-01-01-01-1536x569.jpg\",\"datePublished\":\"2024-06-15T20:52:22+00:00\",\"dateModified\":\"2025-10-12T13:18:05+00:00\",\"breadcrumb\":{\"@id\":\"https:\/\/apartament-zlapoddech.pl\/index.php\/cennik\/#breadcrumb\"},\"inLanguage\":\"pl-PL\",\"potentialAction\":[{\"@type\":\"ReadAction\",\"target\":[\"https:\/\/apartament-zlapoddech.pl\/index.php\/cennik\/\"]}]},{\"@type\":\"ImageObject\",\"inLanguage\":\"pl-PL\",\"@id\":\"https:\/\/apartament-zlapoddech.pl\/index.php\/cennik\/#primaryimage\",\"url\":\"https:\/\/apartament-zlapoddech.pl\/wp-content\/uploads\/2024\/06\/rabat2-01-01-01-scaled.jpg\",\"contentUrl\":\"https:\/\/apartament-zlapoddech.pl\/wp-content\/uploads\/2024\/06\/rabat2-01-01-01-scaled.jpg\",\"width\":2560,\"height\":948},{\"@type\":\"BreadcrumbList\",\"@id\":\"https:\/\/apartament-zlapoddech.pl\/index.php\/cennik\/#breadcrumb\",\"itemListElement\":[{\"@type\":\"ListItem\",\"position\":1,\"name\":\"Strona g\u0142\u00f3wna\",\"item\":\"https:\/\/apartament-zlapoddech.pl\/\"},{\"@type\":\"ListItem\",\"position\":2,\"name\":\"Cennik\"}]},{\"@type\":\"WebSite\",\"@id\":\"https:\/\/apartament-zlapoddech.pl\/#website\",\"url\":\"https:\/\/apartament-zlapoddech.pl\/\",\"name\":\"Apartament Z\u0142ap Oddech\",\"description\":\"Twoje miejsce do komfortowego wypoczynku w Zakopanem!\",\"publisher\":{\"@id\":\"https:\/\/apartament-zlapoddech.pl\/#organization\"},\"potentialAction\":[{\"@type\":\"SearchAction\",\"target\":{\"@type\":\"EntryPoint\",\"urlTemplate\":\"https:\/\/apartament-zlapoddech.pl\/?s={search_term_string}\"},\"query-input\":{\"@type\":\"PropertyValueSpecification\",\"valueRequired\":true,\"valueName\":\"search_term_string\"}}],\"inLanguage\":\"pl-PL\"},{\"@type\":\"Organization\",\"@id\":\"https:\/\/apartament-zlapoddech.pl\/#organization\",\"name\":\"Apartament Z\u0142ap Oddech\",\"url\":\"https:\/\/apartament-zlapoddech.pl\/\",\"logo\":{\"@type\":\"ImageObject\",\"inLanguage\":\"pl-PL\",\"@id\":\"https:\/\/apartament-zlapoddech.pl\/#\/schema\/logo\/image\/\",\"url\":\"https:\/\/apartament-zlapoddech.pl\/wp-content\/uploads\/2021\/11\/cropped-logo-biale-01.png\",\"contentUrl\":\"https:\/\/apartament-zlapoddech.pl\/wp-content\/uploads\/2021\/11\/cropped-logo-biale-01.png\",\"width\":2528,\"height\":2528,\"caption\":\"Apartament Z\u0142ap Oddech\"},\"image\":{\"@id\":\"https:\/\/apartament-zlapoddech.pl\/#\/schema\/logo\/image\/\"},\"sameAs\":[\"https:\/\/www.facebook.com\/people\/Apartament-Zap-Oddech\/61553460625802\/\",\"https:\/\/www.instagram.com\/apartament_zlapoddech\/\"]}]}<\/script>\n<!-- \/ Yoast SEO plugin. -->","yoast_head_json":{"title":"Cennik - Apartament Z\u0142ap Oddech","robots":{"index":"index","follow":"follow","max-snippet":"max-snippet:-1","max-image-preview":"max-image-preview:large","max-video-preview":"max-video-preview:-1"},"canonical":"https:\/\/apartament-zlapoddech.pl\/index.php\/cennik\/","og_locale":"pl_PL","og_type":"article","og_title":"Cennik - Apartament Z\u0142ap Oddech","og_description":"Ceny poza sezonem* zaczynaj\u0105 si\u0119 od 220z\u0142 na dob\u0119 przy pobycie dw\u00f3ch os\u00f3b. Przy wi\u0119kszej ilo\u015bci os\u00f3b ceny s\u0105 ustalane [&hellip;]","og_url":"https:\/\/apartament-zlapoddech.pl\/index.php\/cennik\/","og_site_name":"Apartament Z\u0142ap Oddech","article_publisher":"https:\/\/www.facebook.com\/people\/Apartament-Zap-Oddech\/61553460625802\/","article_modified_time":"2025-10-12T13:18:05+00:00","og_image":[{"width":2560,"height":948,"url":"https:\/\/apartament-zlapoddech.pl\/wp-content\/uploads\/2024\/06\/rabat2-01-01-01-scaled.jpg","type":"image\/jpeg"}],"twitter_card":"summary_large_image","twitter_misc":{"Szacowany czas czytania":"1 minuta"},"schema":{"@context":"https:\/\/schema.org","@graph":[{"@type":"WebPage","@id":"https:\/\/apartament-zlapoddech.pl\/index.php\/cennik\/","url":"https:\/\/apartament-zlapoddech.pl\/index.php\/cennik\/","name":"Cennik - Apartament Z\u0142ap Oddech","isPartOf":{"@id":"https:\/\/apartament-zlapoddech.pl\/#website"},"primaryImageOfPage":{"@id":"https:\/\/apartament-zlapoddech.pl\/index.php\/cennik\/#primaryimage"},"image":{"@id":"https:\/\/apartament-zlapoddech.pl\/index.php\/cennik\/#primaryimage"},"thumbnailUrl":"https:\/\/apartament-zlapoddech.pl\/wp-content\/uploads\/2024\/06\/rabat2-01-01-01-1536x569.jpg","datePublished":"2024-06-15T20:52:22+00:00","dateModified":"2025-10-12T13:18:05+00:00","breadcrumb":{"@id":"https:\/\/apartament-zlapoddech.pl\/index.php\/cennik\/#breadcrumb"},"inLanguage":"pl-PL","potentialAction":[{"@type":"ReadAction","target":["https:\/\/apartament-zlapoddech.pl\/index.php\/cennik\/"]}]},{"@type":"ImageObject","inLanguage":"pl-PL","@id":"https:\/\/apartament-zlapoddech.pl\/index.php\/cennik\/#primaryimage","url":"https:\/\/apartament-zlapoddech.pl\/wp-content\/uploads\/2024\/06\/rabat2-01-01-01-scaled.jpg","contentUrl":"https:\/\/apartament-zlapoddech.pl\/wp-content\/uploads\/2024\/06\/rabat2-01-01-01-scaled.jpg","width":2560,"height":948},{"@type":"BreadcrumbList","@id":"https:\/\/apartament-zlapoddech.pl\/index.php\/cennik\/#breadcrumb","itemListElement":[{"@type":"ListItem","position":1,"name":"Strona g\u0142\u00f3wna","item":"https:\/\/apartament-zlapoddech.pl\/"},{"@type":"ListItem","position":2,"name":"Cennik"}]},{"@type":"WebSite","@id":"https:\/\/apartament-zlapoddech.pl\/#website","url":"https:\/\/apartament-zlapoddech.pl\/","name":"Apartament Z\u0142ap Oddech","description":"Twoje miejsce do komfortowego wypoczynku w Zakopanem!","publisher":{"@id":"https:\/\/apartament-zlapoddech.pl\/#organization"},"potentialAction":[{"@type":"SearchAction","target":{"@type":"EntryPoint","urlTemplate":"https:\/\/apartament-zlapoddech.pl\/?s={search_term_string}"},"query-input":{"@type":"PropertyValueSpecification","valueRequired":true,"valueName":"search_term_string"}}],"inLanguage":"pl-PL"},{"@type":"Organization","@id":"https:\/\/apartament-zlapoddech.pl\/#organization","name":"Apartament Z\u0142ap Oddech","url":"https:\/\/apartament-zlapoddech.pl\/","logo":{"@type":"ImageObject","inLanguage":"pl-PL","@id":"https:\/\/apartament-zlapoddech.pl\/#\/schema\/logo\/image\/","url":"https:\/\/apartament-zlapoddech.pl\/wp-content\/uploads\/2021\/11\/cropped-logo-biale-01.png","contentUrl":"https:\/\/apartament-zlapoddech.pl\/wp-content\/uploads\/2021\/11\/cropped-logo-biale-01.png","width":2528,"height":2528,"caption":"Apartament Z\u0142ap Oddech"},"image":{"@id":"https:\/\/apartament-zlapoddech.pl\/#\/schema\/logo\/image\/"},"sameAs":["https:\/\/www.facebook.com\/people\/Apartament-Zap-Oddech\/61553460625802\/","https:\/\/www.instagram.com\/apartament_zlapoddech\/"]}]}},"_links":{"self":[{"href":"https:\/\/apartament-zlapoddech.pl\/index.php\/wp-json\/wp\/v2\/pages\/1638","targetHints":{"allow":["GET"]}}],"collection":[{"href":"https:\/\/apartament-zlapoddech.pl\/index.php\/wp-json\/wp\/v2\/pages"}],"about":[{"href":"https:\/\/apartament-zlapoddech.pl\/index.php\/wp-json\/wp\/v2\/types\/page"}],"author":[{"embeddable":true,"href":"https:\/\/apartament-zlapoddech.pl\/index.php\/wp-json\/wp\/v2\/users\/2"}],"replies":[{"embeddable":true,"href":"https:\/\/apartament-zlapoddech.pl\/index.php\/wp-json\/wp\/v2\/comments?post=1638"}],"version-history":[{"count":60,"href":"https:\/\/apartament-zlapoddech.pl\/index.php\/wp-json\/wp\/v2\/pages\/1638\/revisions"}],"predecessor-version":[{"id":2043,"href":"https:\/\/apartament-zlapoddech.pl\/index.php\/wp-json\/wp\/v2\/pages\/1638\/revisions\/2043"}],"wp:attachment":[{"href":"https:\/\/apartament-zlapoddech.pl\/index.php\/wp-json\/wp\/v2\/media?parent=1638"}],"curies":[{"name":"wp","href":"https:\/\/api.w.org\/{rel}","templated":true}]}}